{"id":12617,"date":"2020-03-26T12:04:33","date_gmt":"2020-03-26T09:04:33","guid":{"rendered":"https:\/\/naturalhairturkey.com\/?page_id=12617"},"modified":"2023-05-15T16:59:51","modified_gmt":"2023-05-15T13:59:51","slug":"hakkimizda","status":"publish","type":"page","link":"https:\/\/naturalhairturkey.com\/tr\/hakkimizda\/","title":{"rendered":"Hakk\u0131m\u0131zda"},"content":{"rendered":"<section class=\"wpb-content-wrapper\"><p>[vc_row full_width=&#8221;stretch_row&#8221; el_id=&#8221;about&#8221;][vc_column width=&#8221;1\/2&#8243; css=&#8221;.vc_custom_1556273668036{padding-top: 0px !important;}&#8221;][vc_column_text css=&#8221;.vc_custom_1585213224926{margin-top: 25px !important;margin-bottom: 40px !important;}&#8221; el_class=&#8221;text-block&#8221;]2006 y\u0131l\u0131nda kurulan Natural Hair Turkey, Sa\u00e7 Ekimi, Plastik Cerrahi ve Di\u015f Tedavisi alanlar\u0131nda uzmanla\u015fm\u0131\u015f, Avrupa&#8217;n\u0131n \u00f6nde gelen sa\u011fl\u0131k hizmeti sa\u011flay\u0131c\u0131s\u0131d\u0131r.<\/p>\n<p>Natural Hair Turkey, sadece bir ay i\u00e7inde t\u00fcm d\u00fcnyadan ve T\u00fcrkiye\u2019den binlerce hastaya ev sahipli\u011fi yapmakta; hastalar, arzu ettikleri tedavileri konaklama, VIP transfer, terc\u00fcman, tedavi sonras\u0131 takip ve garanti sertifikas\u0131 gibi ayr\u0131cal\u0131kl\u0131 hizmetlerin dahil oldu\u011fu paketler arac\u0131l\u0131\u011f\u0131 ile almaktad\u0131r.<\/p>\n<p>Hasta merkezli yakla\u015f\u0131m\u0131n\u0131n d\u0131\u015f\u0131nda Natural Hair Turkey, her biri kendi alan\u0131nda uluslararas\u0131 olarak tan\u0131nan uzmanlar\u0131n ger\u00e7ekle\u015ftirdi\u011fi operasyonlardaki % 98 ba\u015far\u0131 oran\u0131yla d\u00fcnya \u00e7ap\u0131nda b\u00fcy\u00fck bir \u00fcne sahiptir.<\/p>\n<p>Ayr\u0131ca, Natural Hair Turkey, NHTLab \u00e7at\u0131s\u0131 alt\u0131nda, \u00f6zel form\u00fcll\u00fc sa\u00e7 ve cilt \u00fcr\u00fcnlerini t\u00fcm d\u00fcnyaya ula\u015ft\u0131r\u0131rken; y\u0131llar\u0131n teorik ve pratik deneyimini NHT Academy ile d\u00fcnyan\u0131n 50&#8217;den fazla \u00fclkesinden gelen sa\u011fl\u0131k \u00e7al\u0131\u015fan\u0131 ile payla\u015fmaktad\u0131r.[\/vc_column_text][\/vc_column][vc_column width=&#8221;1\/2&#8243; ct_column_class=&#8221;rm-padding-lg&#8221; css=&#8221;.vc_custom_1556273894464{padding-top: 65px !important;padding-right: 30px !important;padding-left: 50px !important;}&#8221;][vc_row_inner][vc_column_inner ct_column_inner_class=&#8221;rm-padding-md&#8221; css=&#8221;.vc_custom_1556273819248{padding-top: 0px !important;}&#8221; animation_column=&#8221;fadeInRight&#8221;][ct_video_player video_link=&#8221;url:https%3A%2F%2Fwww.youtube.com%2Fwatch%3Fv%3DGN1HVCivPCw|||&#8221; video_intro=&#8221;362&#8243; btn_styles=&#8221;style2&#8243; intro_size=&#8221;472&#215;384&#8243;][\/vc_column_inner][\/vc_row_inner][vc_row_inner][vc_column_inner css=&#8221;.vc_custom_1547132842737{padding-top: 56px !important;}&#8221; offset=&#8221;vc_col-lg-4 vc_col-md-4&#8243;][ct_counter title=&#8221;Mutlu hasta&#8221; digit=&#8221;30000&#8243; suffix=&#8221;+&#8221;][\/vc_column_inner][vc_column_inner css=&#8221;.vc_custom_1547132858148{padding-top: 56px !important;}&#8221; offset=&#8221;vc_col-lg-4 vc_col-md-4&#8243;][ct_counter title=&#8221;Y\u0131ll\u0131k tecr\u00fcbe&#8221; digit=&#8221;15&#8243; suffix=&#8221;+&#8221;][\/vc_column_inner][vc_column_inner css=&#8221;.vc_custom_1547132867871{padding-top: 56px !important;}&#8221; offset=&#8221;vc_col-lg-4 vc_col-md-4&#8243;][ct_counter title=&#8221;Sa\u011fl\u0131k \u00e7al\u0131\u015fan\u0131&#8221; digit=&#8221;120&#8243; suffix=&#8221;+&#8221;][\/vc_column_inner][\/vc_row_inner][\/vc_column][\/vc_row][vc_row][vc_column][vc_empty_space height=&#8221;120px&#8221;][\/vc_column][\/vc_row][vc_row el_id=&#8221;services&#8221; el_class=&#8221;data-offset-lg&#8221;][vc_column css=&#8221;.vc_custom_1557825109764{margin-top: -125px !important;padding-top: 0px !important;}&#8221; el_class=&#8221;rm-margin-top-md&#8221;][ct_space space_lg=&#8221;0&#8243; space_md=&#8221;0&#8243; space_sm=&#8221;90&#8243; space_xs=&#8221;90&#8243;][ct_services_carousel testimonial_item=&#8221;%5B%7B%22title%22%3A%22Sa%C3%A7%20Ekimi%22%2C%22icon%22%3A%222614%22%2C%22icon_hover%22%3A%222614%22%2C%22item_link%22%3A%22url%3Ahttps%253A%252F%252Fnaturalhairturkey.com%252Ftr%252Fsac-ekimi%252F%7Ctitle%3ASa%25C3%25A7%2520Ekimi%7C%7C%22%7D%2C%7B%22title%22%3A%22Sakal%20Ekimi%22%2C%22icon%22%3A%222616%22%2C%22icon_hover%22%3A%222616%22%2C%22item_link%22%3A%22url%3Ahttps%253A%252F%252Fnaturalhairturkey.com%252Ftr%252Fsakal-ekimi%252F%7Ctitle%3ASakal%2520Ekimi%7C%7C%22%7D%2C%7B%22title%22%3A%22Hollywood%20G%C3%BCl%C3%BC%C5%9F%C3%BC%22%2C%22icon%22%3A%222617%22%2C%22icon_hover%22%3A%222617%22%2C%22item_link%22%3A%22url%3Ahttps%253A%252F%252Fnaturalhairturkey.com%252Ftr%252Fhollywood-gulusu%252F%7Ctitle%3AHollywood%2520G%25C3%25BCl%25C3%25BC%25C5%259F%25C3%25BC%7C%7C%22%7D%2C%7B%22title%22%3A%22Meme%20B%C3%BCy%C3%BCtme%22%2C%22icon%22%3A%222620%22%2C%22icon_hover%22%3A%222620%22%2C%22item_link%22%3A%22url%3Ahttps%253A%252F%252Fnaturalhairturkey.com%252Ftr%252Fmeme-buyutme-ameliyati%252F%7Ctitle%3AMeme%2520B%25C3%25BCy%25C3%25BCtme%7C%7C%22%7D%2C%7B%22title%22%3A%22Y%C3%BCz%20Germe%22%2C%22icon%22%3A%222621%22%2C%22icon_hover%22%3A%222621%22%2C%22item_link%22%3A%22url%3Ahttps%253A%252F%252Fnaturalhairturkey.com%252Ftr%252Fyuze-yag-enjeksiyonu%252F%7Ctitle%3AY%25C3%25BCz%2520Germe%7C%7C%22%7D%5D&#8221; col_xs=&#8221;1&#8243; col_sm=&#8221;2&#8243; col_md=&#8221;4&#8243; col_lg=&#8221;5&#8243; col_xl=&#8221;5&#8243; margin=&#8221;0&#8243; loop=&#8221;true&#8221; arrows=&#8221;true&#8221;][\/vc_column][\/vc_row][vc_row full_width=&#8221;stretch_row_content_no_spaces&#8221; bg_image_position=&#8221;bg-image-ps-center&#8221; css=&#8221;.vc_custom_1568280744826{background: #e7f2fc url(https:\/\/naturalhairturkey.com\/wp-content\/uploads\/2019\/09\/section-map.png?id=5107) !important;background-position: 0 0 !important;background-repeat: no-repeat !important;}&#8221; el_id=&#8221;testimonials&#8221;][vc_column ct_column_class=&#8221;rm-padding-md&#8221; css=&#8221;.vc_custom_1557825253890{padding-top: 115px !important;padding-bottom: 126px !important;}&#8221;][ct_heading text=&#8221;Hastalar\u0131m\u0131zdan gelen de\u011ferli yorumlar&#8221; align_lg=&#8221;align-center&#8221; align_md=&#8221;align-center-md&#8221; align_sm=&#8221;align-center-sm&#8221; align_xs=&#8221;align-center-xs&#8221; font_weight=&#8221;&#8221; subtitle=&#8221;Hasta Yorumlar\u0131&#8221; description_font_weight=&#8221;inherit&#8221; margin_bottom=&#8221;55&#8243;][ct_testimonial_carousel testimonial_item=&#8221;%5B%7B%22title%22%3A%22Ozan%20Evrim%22%2C%22content%22%3A%22%C5%9Eimdiye%20kadar%20ya%C5%9Fad%C4%B1%C4%9F%C4%B1m%20en%20iyi%20deneyim%2C%20ne%20yapt%C4%B1klar%C4%B1n%C4%B1%20ger%C3%A7ekten%20biliyorlar.%20Bana%20tedaviden%20%C3%B6nce%20ve%20sonra%20ne%20ile%20kar%C5%9F%C4%B1la%C5%9Faca%C4%9F%C4%B1m%20konusunda%20her%20%C5%9Feyi%20anlatt%C4%B1lar.%20%22%2C%22image%22%3A%224011%22%2C%22rating%22%3A%22star5%22%7D%2C%7B%22title%22%3A%22Bahad%C4%B1r%20Efecan%20%22%2C%22content%22%3A%22B%C3%BCt%C3%BCn%20personeller%20%C3%A7ok%20profesyoneldi.%20%C4%B0steklerimi%20dikkatle%20dinlediler%20ve%20bana%20her%20a%C5%9Famada%20%C3%A7ok%20yard%C4%B1mc%C4%B1%20oldular.%20%C3%96zellikle%20Doktor%20Royal%E2%80%99e%20%C3%A7ok%20te%C5%9Fekk%C3%BCr%20ediyorum.%20%22%2C%22image%22%3A%224017%22%2C%22rating%22%3A%22star5%22%7D%2C%7B%22title%22%3A%22Meryem%20Uzal%22%2C%22content%22%3A%22Kesinlikle%20bu%20hastaneyi%20herkese%20tavsiye%20ederim.%20Ekip%20profesyonel%20ve%20g%C3%BCler%20y%C3%BCzl%C3%BC%2C%20fiyatlar%20da%20gayet%20makul.%20Te%C5%9Fekk%C3%BCrler.%20%22%2C%22image%22%3A%224023%22%2C%22rating%22%3A%22star5%22%7D%2C%7B%22title%22%3A%22Selin%20Pek%C3%B6z%22%2C%22content%22%3A%22Kesinlikle%20bu%20hastaneyi%20herkese%20tavsiye%20ederim.%20Ekip%20profesyonel%20ve%20g%C3%BCler%20y%C3%BCzl%C3%BC%2C%20fiyatlar%20da%20gayet%20makul.%20Te%C5%9Fekk%C3%BCrler.%20%22%2C%22image%22%3A%224047%22%2C%22rating%22%3A%22star5%22%7D%2C%7B%22title%22%3A%22%C4%B0slam%20%C3%87aml%C4%B1ca%20%22%2C%22content%22%3A%22%C3%96nceleri%20baz%C4%B1%20%C5%9F%C3%BCphelerim%20olsa%20da%20t%C3%BCm%20operasyon%20a%C4%9Fr%C4%B1s%C4%B1z%20sorunsuz%20ge%C3%A7ti%2C%20sevgili%20doktorum%20m%C3%BCkemmel%20bir%20i%C5%9F%20%C3%A7%C4%B1kard%C4%B1.%22%2C%22image%22%3A%224041%22%2C%22rating%22%3A%22star5%22%7D%2C%7B%22title%22%3A%22Kemal%20Evrim%20%22%2C%22content%22%3A%22%C3%96nceleri%20baz%C4%B1%20%C5%9F%C3%BCphelerim%20olsa%20da%20t%C3%BCm%20operasyon%20a%C4%9Fr%C4%B1s%C4%B1z%20sorunsuz%20ge%C3%A7ti%2C%20sevgili%20doktorum%20m%C3%BCkemmel%20bir%20i%C5%9F%20%C3%A7%C4%B1kard%C4%B1.%22%2C%22image%22%3A%224035%22%2C%22rating%22%3A%22star5%22%7D%5D&#8221; col_xs=&#8221;1&#8243; col_sm=&#8221;1&#8243; col_md=&#8221;3&#8243; col_lg=&#8221;3&#8243; col_xl=&#8221;4&#8243; margin=&#8221;60&#8243; loop=&#8221;true&#8221; center=&#8221;true&#8221;][\/vc_column][\/vc_row][vc_row el_id=&#8221;team&#8221;][vc_column css=&#8221;.vc_custom_1557817708207{padding-top: 113px !important;}&#8221;][vc_row_inner content_placement=&#8221;middle&#8221;][vc_column_inner width=&#8221;1\/2&#8243; css=&#8221;.vc_custom_1557817659560{padding-top: 0px !important;padding-bottom: 59px !important;}&#8221;][ct_heading text=&#8221;Emin ellerdesiniz.&#8221; font_weight=&#8221;&#8221; subtitle=&#8221;Medikal Ekip&#8221; description_font_weight=&#8221;inherit&#8221; margin_bottom=&#8221;0&#8243;][\/vc_column_inner][vc_column_inner width=&#8221;1\/2&#8243; ct_column_inner_class=&#8221;rm-padding-lg&#8221; css=&#8221;.vc_custom_1557817663792{padding-top: 0px !important;padding-bottom: 59px !important;padding-left: 100px !important;}&#8221;][vc_column_text text_style=&#8221;text-block1&#8243; css=&#8221;.vc_custom_1585213271708{margin-bottom: 0px !important;}&#8221;]<u>Natural Hair T\u00fcrkiye\u2019de \u00e7al\u0131\u015fan t\u0131bbi personelin her biri, sa\u00e7 ekimi, plastik cerrahi ve di\u015f tedavisi \u00e7er\u00e7evesinde, kendi alanlar\u0131nda uzmanla\u015fm\u0131\u015ft\u0131r. <\/u>[\/vc_column_text][\/vc_column_inner][\/vc_row_inner][ct_team_carousel cms_template=&#8221;ct_team_carousel&#8211;layout2.php&#8221; content_list2=&#8221;%5B%7B%22image%22%3A%222756%22%2C%22title%22%3A%22Dr.%20Royal%20Khankis%22%2C%22position%22%3A%22Estetik%20Cerrahi%22%2C%22description%22%3A%22Plastik%2C%20Rekonstr%C3%BCktif%20ve%20Estetik%20Cerrahi%20Hekimi%22%2C%22item_link%22%3A%22url%3A%2523%7C%7C%7C%22%2C%22social%22%3A%22%255B%257B%2522icon%2522%253A%2522fa%2520fa-facebook-square%2522%252C%2522social_link%2522%253A%2522https%253A%252F%252Fwww.facebook.com%252Froyalplasticsurgery%252F%2522%257D%252C%257B%2522icon%2522%253A%2522fa%2520fa-instagram%2522%252C%2522social_link%2522%253A%2522https%253A%252F%252Fwww.instagram.com%252Fdr.royalkhankishiyev%252F%2522%257D%255D%22%7D%2C%7B%22image%22%3A%222758%22%2C%22title%22%3A%22Dr.%20Tar%C4%B1k%20Pak%22%2C%22position%22%3A%22Sa%C3%A7%20Ekimi%22%2C%22description%22%3A%22Hair%20Transplant%20Uzman%C4%B1%22%2C%22item_link%22%3A%22url%3A%2523%7C%7C%7C%22%2C%22social%22%3A%22%255B%257B%2522icon%2522%253A%2522fa%2520fa-instagram%2522%252C%2522social_link%2522%253A%2522https%253A%252F%252Fwww.instagram.com%252Fdr.tarikpak%252F%2522%257D%252C%257B%2522icon%2522%253A%2522fa%2520fa-user-md%2522%252C%2522social_link%2522%253A%2522https%253A%252F%252Fwww.realself.com%252Ffind%252FTurkey%252FIstanbul%252FPlastic-Surgeon%252FTarik-Pak%2522%257D%255D%22%7D%2C%7B%22image%22%3A%222760%22%2C%22title%22%3A%22Ay%C5%9Feg%C3%BCl%20Karaduman%22%2C%22position%22%3A%22Medikal%20Ekip%22%2C%22item_link%22%3A%22url%3A%2523%7C%7C%7C%22%2C%22social%22%3A%22%255B%257B%2522icon%2522%253A%2522fa%2520fa-twitter%2522%252C%2522social_link%2522%253A%2522%2523%2522%257D%252C%257B%2522icon%2522%253A%2522fa%2520fa-behance%2522%252C%2522social_link%2522%253A%2522%2523%2522%257D%252C%257B%2522icon%2522%253A%2522fa%2520fa-facebook%2522%252C%2522social_link%2522%253A%2522%2523%2522%257D%252C%257B%2522icon%2522%253A%2522fa%2520fa-pinterest-p%2522%252C%2522social_link%2522%253A%2522%2523%2522%257D%255D%22%7D%2C%7B%22image%22%3A%222761%22%2C%22title%22%3A%22Bedia%20Unlukaya%22%2C%22position%22%3A%22Medikal%20Ekip%22%2C%22item_link%22%3A%22url%3A%2523%7C%7C%7C%22%2C%22social%22%3A%22%255B%257B%2522icon%2522%253A%2522fa%2520fa-twitter%2522%252C%2522social_link%2522%253A%2522%2523%2522%257D%252C%257B%2522icon%2522%253A%2522fa%2520fa-behance%2522%252C%2522social_link%2522%253A%2522%2523%2522%257D%252C%257B%2522icon%2522%253A%2522fa%2520fa-facebook%2522%252C%2522social_link%2522%253A%2522%2523%2522%257D%252C%257B%2522icon%2522%253A%2522fa%2520fa-pinterest-p%2522%252C%2522social_link%2522%253A%2522%2523%2522%257D%255D%22%7D%2C%7B%22image%22%3A%222763%22%2C%22title%22%3A%22Kader%20%C3%96zt%C3%BCrk%22%2C%22position%22%3A%22Medikal%20Ekip%22%2C%22item_link%22%3A%22url%3A%2523%7C%7C%7C%22%2C%22social%22%3A%22%255B%257B%2522icon%2522%253A%2522fa%2520fa-twitter%2522%252C%2522social_link%2522%253A%2522%2523%2522%257D%252C%257B%2522icon%2522%253A%2522fa%2520fa-behance%2522%252C%2522social_link%2522%253A%2522%2523%2522%257D%252C%257B%2522icon%2522%253A%2522fa%2520fa-facebook%2522%252C%2522social_link%2522%253A%2522%2523%2522%257D%252C%257B%2522icon%2522%253A%2522fa%2520fa-pinterest-p%2522%252C%2522social_link%2522%253A%2522%2523%2522%257D%255D%22%7D%2C%7B%22image%22%3A%222764%22%2C%22title%22%3A%22Eda%20%C3%87etin%22%2C%22position%22%3A%22Medikal%20Ekip%22%2C%22item_link%22%3A%22url%3A%2523%7C%7C%7C%22%2C%22social%22%3A%22%255B%257B%2522icon%2522%253A%2522fa%2520fa-twitter%2522%252C%2522social_link%2522%253A%2522%2523%2522%257D%252C%257B%2522icon%2522%253A%2522fa%2520fa-behance%2522%252C%2522social_link%2522%253A%2522%2523%2522%257D%252C%257B%2522icon%2522%253A%2522fa%2520fa-facebook%2522%252C%2522social_link%2522%253A%2522%2523%2522%257D%252C%257B%2522icon%2522%253A%2522fa%2520fa-pinterest-p%2522%252C%2522social_link%2522%253A%2522%2523%2522%257D%255D%22%7D%2C%7B%22image%22%3A%222765%22%2C%22title%22%3A%22Mehmet%20Karaduman%22%2C%22position%22%3A%22Medikal%20Ekip%22%2C%22item_link%22%3A%22url%3A%2523%7C%7C%7C%22%2C%22social%22%3A%22%255B%257B%2522icon%2522%253A%2522fa%2520fa-twitter%2522%252C%2522social_link%2522%253A%2522%2523%2522%257D%252C%257B%2522icon%2522%253A%2522fa%2520fa-behance%2522%252C%2522social_link%2522%253A%2522%2523%2522%257D%252C%257B%2522icon%2522%253A%2522fa%2520fa-facebook%2522%252C%2522social_link%2522%253A%2522%2523%2522%257D%252C%257B%2522icon%2522%253A%2522fa%2520fa-pinterest-p%2522%252C%2522social_link%2522%253A%2522%2523%2522%257D%255D%22%7D%2C%7B%22image%22%3A%222767%22%2C%22title%22%3A%22Furkan%20Akba%C5%9F%22%2C%22position%22%3A%22Medikal%20Ekip%22%2C%22item_link%22%3A%22url%3A%2523%7C%7C%7C%22%2C%22social%22%3A%22%255B%257B%2522icon%2522%253A%2522fa%2520fa-twitter%2522%252C%2522social_link%2522%253A%2522%2523%2522%257D%252C%257B%2522icon%2522%253A%2522fa%2520fa-behance%2522%252C%2522social_link%2522%253A%2522%2523%2522%257D%252C%257B%2522icon%2522%253A%2522fa%2520fa-facebook%2522%252C%2522social_link%2522%253A%2522%2523%2522%257D%252C%257B%2522icon%2522%253A%2522fa%2520fa-pinterest-p%2522%252C%2522social_link%2522%253A%2522%2523%2522%257D%255D%22%7D%2C%7B%22image%22%3A%222768%22%2C%22title%22%3A%22Mertcan%20Duran%22%2C%22position%22%3A%22Medikal%20Ekip%22%2C%22item_link%22%3A%22url%3A%2523%7C%7C%7C%22%2C%22social%22%3A%22%255B%257B%2522icon%2522%253A%2522fa%2520fa-twitter%2522%252C%2522social_link%2522%253A%2522%2523%2522%257D%252C%257B%2522icon%2522%253A%2522fa%2520fa-behance%2522%252C%2522social_link%2522%253A%2522%2523%2522%257D%252C%257B%2522icon%2522%253A%2522fa%2520fa-facebook%2522%252C%2522social_link%2522%253A%2522%2523%2522%257D%252C%257B%2522icon%2522%253A%2522fa%2520fa-pinterest-p%2522%252C%2522social_link%2522%253A%2522%2523%2522%257D%255D%22%7D%5D&#8221; col_xs=&#8221;1&#8243; col_sm=&#8221;2&#8243; col_md=&#8221;2&#8243; col_lg=&#8221;2&#8243; col_xl=&#8221;3&#8243; loop=&#8221;true&#8221; autoplay=&#8221;true&#8221; bullets=&#8221;true&#8221;][vc_empty_space height=&#8221;60&#8243;][\/vc_column][\/vc_row]<\/p>\n<\/section>","protected":false},"excerpt":{"rendered":"<p>[vc_row full_width=&#8221;stretch_row&#8221; el_id=&#8221;about&#8221;][vc_column width=&#8221;1\/2&#8243; css=&#8221;.vc_custom_1556273668036{padding-top: 0px !important;}&#8221;][vc_column_text css=&#8221;.vc_custom_1585213224926{margin-top: 25px !important;margin-bottom: 40px !important;}&#8221; el_class=&#8221;text-block&#8221;]2006 y\u0131l\u0131nda kurulan Natural Hair Turkey, Sa\u00e7 Ekimi, Plastik Cerrahi ve Di\u015f Tedavisi alanlar\u0131nda uzmanla\u015fm\u0131\u015f, Avrupa&#8217;n\u0131n \u00f6nde gelen sa\u011fl\u0131k hizmeti sa\u011flay\u0131c\u0131s\u0131d\u0131r. Natural Hair Turkey, sadece bir ay i\u00e7inde t\u00fcm d\u00fcnyadan ve T\u00fcrkiye\u2019den binlerce hastaya ev sahipli\u011fi yapmakta; hastalar, arzu ettikleri tedavileri konaklama, VIP&#8230;<\/p>\n","protected":false},"author":1,"featured_media":0,"parent":0,"menu_order":0,"comment_status":"closed","ping_status":"closed","template":"","meta":{"footnotes":""},"class_list":["post-12617","page","type-page","status-publish","hentry"],"_links":{"self":[{"href":"https:\/\/naturalhairturkey.com\/tr\/wp-json\/wp\/v2\/pages\/12617","targetHints":{"allow":["GET"]}}],"collection":[{"href":"https:\/\/naturalhairturkey.com\/tr\/wp-json\/wp\/v2\/pages"}],"about":[{"href":"https:\/\/naturalhairturkey.com\/tr\/wp-json\/wp\/v2\/types\/page"}],"author":[{"embeddable":true,"href":"https:\/\/naturalhairturkey.com\/tr\/wp-json\/wp\/v2\/users\/1"}],"replies":[{"embeddable":true,"href":"https:\/\/naturalhairturkey.com\/tr\/wp-json\/wp\/v2\/comments?post=12617"}],"version-history":[{"count":6,"href":"https:\/\/naturalhairturkey.com\/tr\/wp-json\/wp\/v2\/pages\/12617\/revisions"}],"predecessor-version":[{"id":12623,"href":"https:\/\/naturalhairturkey.com\/tr\/wp-json\/wp\/v2\/pages\/12617\/revisions\/12623"}],"wp:attachment":[{"href":"https:\/\/naturalhairturkey.com\/tr\/wp-json\/wp\/v2\/media?parent=12617"}],"curies":[{"name":"wp","href":"https:\/\/api.w.org\/{rel}","templated":true}]}}