{"id":12506,"date":"2020-03-25T12:57:09","date_gmt":"2020-03-25T09:57:09","guid":{"rendered":"https:\/\/naturalhairturkey.com\/?page_id=12506"},"modified":"2026-01-29T16:21:12","modified_gmt":"2026-01-29T13:21:12","slug":"iletisim","status":"publish","type":"page","link":"https:\/\/naturalhairturkey.com\/tr\/iletisim\/","title":{"rendered":"\u0130leti\u015fim"},"content":{"rendered":"<section class=\"wpb-content-wrapper\"><p>[vc_row css=&#8221;.vc_custom_1545816911406{padding-right: 15px !important;padding-left: 15px !important;}&#8221;][vc_column ct_column_class=&#8221;rm-padding-sm&#8221; el_class=&#8221;col-boxshadow&#8221; css=&#8221;.vc_custom_1545897722938{padding-top: 0px !important;padding-right: 70px !important;padding-left: 70px !important;}&#8221;][ct_space space_lg=&#8221;70&#8243; space_md=&#8221;70&#8243; space_sm=&#8221;70&#8243; space_xs=&#8221;30&#8243;][vc_row_inner][vc_column_inner css=&#8221;.vc_custom_1545816757842{padding-top: 0px !important;}&#8221; offset=&#8221;vc_col-lg-9 vc_col-md-9&#8243;][ct_heading text=&#8221;Destek i\u00e7in bize ula\u015f\u0131n.<br \/>\nDan\u0131\u015fmanlar\u0131m\u0131z sizi en k\u0131sa zamanda arayacakt\u0131r.&#8221; font_size_xs=&#8221;26&#8243; font_weight=&#8221;&#8221; description_font_weight=&#8221;inherit&#8221;][\/vc_column_inner][vc_column_inner width=&#8221;1\/4&#8243; css=&#8221;.vc_custom_1545816763346{padding-top: 0px !important;}&#8221;][\/vc_column_inner][\/vc_row_inner][vc_empty_space height=&#8221;20&#8243;][vc_row_inner][vc_column_inner width=&#8221;1\/2&#8243;][vc_column_text css=&#8221;.vc_custom_1585130220925{margin-bottom: 9px !important;}&#8221;]L\u00fctfen a\u015fa\u011f\u0131daki bilgileri kullanarak bize ula\u015f\u0131n.[\/vc_column_text][ct_contact_info content_type=&#8221;map&#8221; button_text=&#8221;haritada g\u00f6r\u00fcnt\u00fcle&#8221; button_link=&#8221;url:%23|||&#8221; icon_fontawesome=&#8221;fa fa-map-marker&#8221; title=&#8221;131 Dartmouth Street Boston, Massachusetts 02116 United States&#8221; content_info=&#8221;Atak\u00f6y 7-8-9-10. K\u0131s\u0131m Mah. \u00c7oban\u00e7e\u015fme E-5 Yan Yol Cad.<br \/>\n34158 Bak\u0131rk\u00f6y\/\u0130stanbul<br \/>\nTURKEY&#8221;][vc_empty_space height=&#8221;21&#8243;][ct_contact_info content_type=&#8221;tel&#8221; icon_fontawesome=&#8221;fa fa-mobile&#8221; title=&#8221;131 Dartmouth Street Boston, Massachusetts 02116 United States&#8221; content_info=&#8221;+90 531 546 10 05&#8243;][ct_contact_info icon_fontawesome=&#8221;fa fa-envelope&#8221; title=&#8221;131 Dartmouth Street Boston, Massachusetts 02116 United States&#8221; content_info=&#8221;info@naturalhairturkey.com&#8221;][\/vc_column_inner][vc_column_inner width=&#8221;1\/2&#8243; css=&#8221;.vc_custom_1746837564107{padding-top: 1px !important;padding-right: 30px !important;padding-left: 30px !important;background-color: #ffffff !important;border-radius: 20px !important;}&#8221;]<div class=\"wpforms-container wpforms-container-full wpforms-render-modern\" id=\"wpforms-18235\"><form id=\"wpforms-form-18235\" class=\"wpforms-validate wpforms-form wpforms-ajax-form\" data-formid=\"18235\" method=\"post\" enctype=\"multipart\/form-data\" action=\"\/tr\/wp-json\/wp\/v2\/pages\/12506\" data-token=\"c63a7405bebd5161d473b728531e3585\" data-token-time=\"1776202193\"><noscript class=\"wpforms-error-noscript\">Bu formu bitirebilmek i\u00e7in taray\u0131c\u0131n\u0131zda JavaScript&#039;i etkinle\u015ftirin.<\/noscript><div class=\"wpforms-hidden\" id=\"wpforms-error-noscript\">Bu formu bitirebilmek i\u00e7in taray\u0131c\u0131n\u0131zda JavaScript&#039;i etkinle\u015ftirin.<\/div><div class=\"wpforms-field-container\"><div id=\"wpforms-18235-field_9-container\" class=\"wpforms-field wpforms-field-html\" data-field-id=\"9\"><div id=\"wpforms-18235-field_9\" aria-errormessage=\"wpforms-18235-field_9-error\"><span style=\"display: block;\r\n    font-family: 'Poppins', sans-serif;\r\n    font-weight: bold;\r\n    font-size: 40px;\r\n    color: black;\r\n    line-height: 1.2;\r\n    text-align: left;\r\npadding-bottom: 10px;\">\u00dccretsiz Dan\u0131\u015fma<\/span>\r\n<span style=\"display: block;\r\n    font-family: 'Poppins', sans-serif;\r\n    font-weight: bold;\r\n    font-size: 18px;\r\n    color: #0072e0;\r\n    line-height: 1.2;\r\n    text-align: left;\r\npadding-bottom: 20px;\">\u0130htiyac\u0131n\u0131z oldu\u011funda buraday\u0131z.<\/span>\r\n<span style=\"display: block;\r\n    font-family: 'Muli', sans-serif;\r\n    font-size: 15px;\r\n    color: #707070;\r\n    line-height: 1.2;\r\n    text-align: left;\r\npadding-bottom: 20px;\">Bizimle ileti\u015fime ge\u00e7menizi bekliyoruz.<\/span><\/div><\/div><div id=\"wpforms-18235-field_1-container\" class=\"wpforms-field wpforms-field-name\" data-field-id=\"1\"><fieldset><legend class=\"wpforms-field-label\">Ad <span class=\"wpforms-required-label\" aria-hidden=\"true\">*<\/span><\/legend><div class=\"wpforms-field-row wpforms-field-large\"><div class=\"wpforms-field-row-block wpforms-first wpforms-one-half\"><input type=\"text\" id=\"wpforms-18235-field_1\" class=\"wpforms-field-name-first wpforms-field-required\" name=\"wpforms[fields][1][first]\" placeholder=\"Ad\u0131n\u0131z\" aria-errormessage=\"wpforms-18235-field_1-error\" required><label for=\"wpforms-18235-field_1\" class=\"wpforms-field-sublabel after wpforms-sublabel-hide\">First<\/label><\/div><div class=\"wpforms-field-row-block wpforms-one-half\"><input type=\"text\" id=\"wpforms-18235-field_1-last\" class=\"wpforms-field-name-last wpforms-field-required\" name=\"wpforms[fields][1][last]\" placeholder=\"Soyad\u0131n\u0131z\" aria-errormessage=\"wpforms-18235-field_1-last-error\" required><label for=\"wpforms-18235-field_1-last\" class=\"wpforms-field-sublabel after wpforms-sublabel-hide\">Last<\/label><\/div><\/div><\/fieldset><\/div><div id=\"wpforms-18235-field_6-container\" class=\"wpforms-field wpforms-field-phone\" data-field-id=\"6\"><label class=\"wpforms-field-label\" for=\"wpforms-18235-field_6\">Telefon <span class=\"wpforms-required-label\" aria-hidden=\"true\">*<\/span><\/label><input type=\"tel\" id=\"wpforms-18235-field_6\" class=\"wpforms-field-large wpforms-field-required wpforms-smart-phone-field\" data-rule-smart-phone-field=\"true\" name=\"wpforms[fields][6]\" aria-label=\"Telefon\" aria-errormessage=\"wpforms-18235-field_6-error\" required><\/div><div id=\"wpforms-18235-field_2-container\" class=\"wpforms-field wpforms-field-email\" data-field-id=\"2\"><label class=\"wpforms-field-label\" for=\"wpforms-18235-field_2\">Email <span class=\"wpforms-required-label\" aria-hidden=\"true\">*<\/span><\/label><input type=\"email\" id=\"wpforms-18235-field_2\" class=\"wpforms-field-large wpforms-field-required\" name=\"wpforms[fields][2]\" spellcheck=\"false\" aria-errormessage=\"wpforms-18235-field_2-error\" required><\/div><div id=\"wpforms-18235-field_3-container\" class=\"wpforms-field wpforms-field-textarea\" data-field-id=\"3\"><label class=\"wpforms-field-label\" for=\"wpforms-18235-field_3\">Yorum veya Mesaj<\/label><textarea id=\"wpforms-18235-field_3\" class=\"wpforms-field-medium\" name=\"wpforms[fields][3]\" aria-errormessage=\"wpforms-18235-field_3-error\" ><\/textarea><\/div><div id=\"wpforms-18235-field_12-container\" class=\"wpforms-field wpforms-field-hidden\" data-field-id=\"12\"><input type=\"hidden\" id=\"wpforms-18235-field_12\" name=\"wpforms[fields][12]\" value=\"https:\/\/naturalhairturkey.com\/tr\/wp-json\/wp\/v2\/pages\/12506\"><\/div><div id=\"wpforms-18235-field_13-container\" class=\"wpforms-field wpforms-field-hidden\" data-field-id=\"13\"><input type=\"hidden\" id=\"wpforms-18235-field_13\" name=\"wpforms[fields][13]\" value=\"216.73.216.23\"><\/div><div id=\"wpforms-18235-field_14-container\" class=\"wpforms-field wpforms-field-hidden\" data-field-id=\"14\"><input type=\"hidden\" id=\"wpforms-18235-field_14\" name=\"wpforms[fields][14]\"><\/div><div id=\"wpforms-18235-field_15-container\" class=\"wpforms-field wpforms-field-hidden\" data-field-id=\"15\"><input type=\"hidden\" id=\"wpforms-18235-field_15\" name=\"wpforms[fields][15]\" value=\"{entry_geolocation}\"><\/div><div id=\"wpforms-18235-field_16-container\" class=\"wpforms-field wpforms-field-hidden\" data-field-id=\"16\"><input type=\"hidden\" id=\"wpforms-18235-field_16\" name=\"wpforms[fields][16]\" value=\"{entry_user_journey}\"><\/div><\/div><!-- .wpforms-field-container --><div class=\"wpforms-recaptcha-container wpforms-is-turnstile\" ><div class=\"g-recaptcha\" data-sitekey=\"0x4AAAAAABgxklq5BcS1KrnR\" data-action=\"FormID-18235\"><\/div><input type=\"text\" name=\"g-recaptcha-hidden\" class=\"wpforms-recaptcha-hidden\" style=\"position:absolute!important;clip:rect(0,0,0,0)!important;height:1px!important;width:1px!important;border:0!important;overflow:hidden!important;padding:0!important;margin:0!important;\" data-rule-turnstile=\"1\"><\/div><div class=\"wpforms-submit-container\" ><input type=\"hidden\" name=\"wpforms[id]\" value=\"18235\"><input type=\"hidden\" name=\"page_title\" value=\"\"><input type=\"hidden\" name=\"page_url\" value=\"https:\/\/naturalhairturkey.com\/tr\/wp-json\/wp\/v2\/pages\/12506\"><button type=\"submit\" name=\"wpforms[submit]\" id=\"wpforms-submit-18235\" class=\"wpforms-submit\" data-alt-text=\"G\u00f6nderiliyor...\" data-submit-text=\"G\u00d6NDER\" aria-live=\"assertive\" value=\"wpforms-submit\">G\u00d6NDER<\/button><img loading=\"lazy\" decoding=\"async\" src=\"https:\/\/naturalhairturkey.com\/wp-content\/plugins\/wpforms\/assets\/images\/submit-spin.svg\" class=\"wpforms-submit-spinner\" style=\"display: none;\" width=\"26\" height=\"26\" alt=\"Y\u00fckleniyor\"><\/div><\/form><\/div>  <!-- .wpforms-container -->[\/vc_column_inner][\/vc_row_inner][ct_space space_lg=&#8221;80&#8243; space_md=&#8221;80&#8243; space_sm=&#8221;80&#8243; space_xs=&#8221;30&#8243;][\/vc_column][\/vc_row][vc_row full_width=&#8221;stretch_row_content_no_spaces&#8221;][vc_column css=&#8221;.vc_custom_1545818776944{padding-top: 0px !important;}&#8221;][ct_googlemap coordinate=&#8221;40.993355,28.828866&#8243; markercoordinate=&#8221;40.993355,28.828866&#8243; markertitle=&#8221;Natural Hair Turkey&#8221; markericon=&#8221;1921&#8243; style=&#8221;light-monochrome&#8221; height=&#8221;420px&#8221; scrollwheel=&#8221;1&#8243; pancontrol=&#8221;1&#8243; zoomcontrol=&#8221;1&#8243;][\/ct_googlemap][\/vc_column][\/vc_row]<\/p>\n<\/section>","protected":false},"excerpt":{"rendered":"<p>[vc_row css=&#8221;.vc_custom_1545816911406{padding-right: 15px !important;padding-left: 15px !important;}&#8221;][vc_column ct_column_class=&#8221;rm-padding-sm&#8221; el_class=&#8221;col-boxshadow&#8221; css=&#8221;.vc_custom_1545897722938{padding-top: 0px !important;padding-right: 70px !important;padding-left: 70px !important;}&#8221;][ct_space space_lg=&#8221;70&#8243; space_md=&#8221;70&#8243; space_sm=&#8221;70&#8243; space_xs=&#8221;30&#8243;][vc_row_inner][vc_column_inner css=&#8221;.vc_custom_1545816757842{padding-top: 0px !important;}&#8221; offset=&#8221;vc_col-lg-9 vc_col-md-9&#8243;][ct_heading text=&#8221;Destek i\u00e7in bize ula\u015f\u0131n. Dan\u0131\u015fmanlar\u0131m\u0131z sizi en k\u0131sa zamanda arayacakt\u0131r.&#8221; font_size_xs=&#8221;26&#8243; font_weight=&#8221;&#8221; description_font_weight=&#8221;inherit&#8221;][\/vc_column_inner][vc_column_inner width=&#8221;1\/4&#8243; css=&#8221;.vc_custom_1545816763346{padding-top: 0px !important;}&#8221;][\/vc_column_inner][\/vc_row_inner][vc_empty_space height=&#8221;20&#8243;][vc_row_inner][vc_column_inner width=&#8221;1\/2&#8243;][vc_column_text css=&#8221;.vc_custom_1585130220925{margin-bottom: 9px !important;}&#8221;]L\u00fctfen a\u015fa\u011f\u0131daki bilgileri kullanarak bize ula\u015f\u0131n.[\/vc_column_text][ct_contact_info content_type=&#8221;map&#8221; button_text=&#8221;haritada g\u00f6r\u00fcnt\u00fcle&#8221; button_link=&#8221;url:%23|||&#8221;&#8230;<\/p>\n","protected":false},"author":1,"featured_media":0,"parent":0,"menu_order":0,"comment_status":"closed","ping_status":"closed","template":"","meta":{"footnotes":""},"class_list":["post-12506","page","type-page","status-publish","hentry"],"_links":{"self":[{"href":"https:\/\/naturalhairturkey.com\/tr\/wp-json\/wp\/v2\/pages\/12506","targetHints":{"allow":["GET"]}}],"collection":[{"href":"https:\/\/naturalhairturkey.com\/tr\/wp-json\/wp\/v2\/pages"}],"about":[{"href":"https:\/\/naturalhairturkey.com\/tr\/wp-json\/wp\/v2\/types\/page"}],"author":[{"embeddable":true,"href":"https:\/\/naturalhairturkey.com\/tr\/wp-json\/wp\/v2\/users\/1"}],"replies":[{"embeddable":true,"href":"https:\/\/naturalhairturkey.com\/tr\/wp-json\/wp\/v2\/comments?post=12506"}],"version-history":[{"count":6,"href":"https:\/\/naturalhairturkey.com\/tr\/wp-json\/wp\/v2\/pages\/12506\/revisions"}],"predecessor-version":[{"id":20299,"href":"https:\/\/naturalhairturkey.com\/tr\/wp-json\/wp\/v2\/pages\/12506\/revisions\/20299"}],"wp:attachment":[{"href":"https:\/\/naturalhairturkey.com\/tr\/wp-json\/wp\/v2\/media?parent=12506"}],"curies":[{"name":"wp","href":"https:\/\/api.w.org\/{rel}","templated":true}]}}