{"id":8900,"date":"2019-11-01T16:32:23","date_gmt":"2019-11-01T13:32:23","guid":{"rendered":"https:\/\/naturalhairturkey.com\/?page_id=8900"},"modified":"2020-01-23T16:56:10","modified_gmt":"2020-01-23T13:56:10","slug":"dr-tarik-pak","status":"publish","type":"page","link":"https:\/\/naturalhairturkey.com\/fr\/dr-tarik-pak\/","title":{"rendered":"Dr. Tar\u0131k PAK"},"content":{"rendered":"<section class=\"wpb-content-wrapper\"><p>[vc_row full_width=&#8221;stretch_row_content_no_spaces&#8221;][vc_column offset=&#8221;vc_hidden-xs&#8221;][rev_slider_vc alias=&#8221;drtarik-fr&#8221;][\/vc_column][\/vc_row][vc_row full_width=&#8221;stretch_row_content_no_spaces&#8221;][vc_column offset=&#8221;vc_hidden-lg vc_hidden-md vc_hidden-sm&#8221;][vc_single_image image=&#8221;8901&#8243; img_size=&#8221;full&#8221;][\/vc_column][\/vc_row][vc_row][vc_column offset=&#8221;vc_hidden-lg vc_hidden-md vc_hidden-sm vc_hidden-xs&#8221;][vc_raw_html]JTNDc3R5bGUlM0UlMEElMjNwYWdlLXRpdGxlJTdCJTBBZGlzcGxheSUzQW5vbmUlM0IlN0QlMEElM0MlMkZzdHlsZSUzRQ==[\/vc_raw_html][\/vc_column][\/vc_row][vc_row full_width=&#8221;stretch_row&#8221;][vc_column offset=&#8221;vc_hidden-xs&#8221;][vc_empty_space height=&#8221;60&#8243;][vc_row_inner][vc_column_inner width=&#8221;1\/3&#8243;][vc_single_image image=&#8221;8703&#8243; img_size=&#8221;full&#8221;][\/vc_column_inner][vc_column_inner width=&#8221;1\/3&#8243;][vc_single_image image=&#8221;8703&#8243; img_size=&#8221;full&#8221;][\/vc_column_inner][vc_column_inner width=&#8221;1\/3&#8243;][vc_single_image image=&#8221;8703&#8243; img_size=&#8221;full&#8221;][\/vc_column_inner][\/vc_row_inner][vc_empty_space height=&#8221;90&#8243;][\/vc_column][\/vc_row][vc_row][vc_column width=&#8221;2\/3&#8243;][vc_column_text]<\/p>\n<h3 style=\"font-weight: 900; text-align: left;\"><span style=\"color: #008080;\">Sommaire<\/span><\/h3>\n<p>[\/vc_column_text][vc_column_text]Dr Tar\u0131k Pak est sp\u00e9cialiste dans le traitement de la perte des cheveux et les troubles de la croissance des cheveux avec neuf ans d&#8217;exp\u00e9rience. En tant que m\u00e9decin disciplin\u00e9 et ax\u00e9 sur le patient, Dr Tar\u0131k Pak poss\u00e8de une exp\u00e9rience solide dans la collaboration avec tous les membres de l&#8217;\u00e9quipe m\u00e9dicale pour am\u00e9liorer la sant\u00e9 du patient.<\/p>\n<p>Les certificats qu&#8217;il d\u00e9tient comme suit :<\/p>\n<ul>\n<li>Certificat de M\u00e9decin de Soins Primaires<\/li>\n<li>Certificat de M\u00e9decin d&#8217;Urgence<\/li>\n<li>Certificat de Chirurgie Plastique Esth\u00e9tique<\/li>\n<\/ul>\n<p>[\/vc_column_text][\/vc_column][vc_column width=&#8221;1\/3&#8243; offset=&#8221;vc_hidden-xs&#8221;][vc_media_grid element_width=&#8221;6&#8243; gap=&#8221;10&#8243; grid_id=&#8221;vc_gid:1579787730351-ae889bfc-ac5e-10&#8243; include=&#8221;9287,9283&#8243;][\/vc_column][\/vc_row][vc_row][vc_column][vc_empty_space height=&#8221;60px&#8221;][\/vc_column][\/vc_row][vc_row][vc_column offset=&#8221;vc_hidden-lg vc_hidden-md vc_hidden-sm&#8221;][ct_gallery_carousel layout=&#8221;layout2&#8243; images=&#8221;9287,9283,9279,9275&#8243; col_xs=&#8221;1&#8243; col_sm=&#8221;2&#8243; col_md=&#8221;3&#8243; col_lg=&#8221;4&#8243; col_xl=&#8221;4&#8243; arrows=&#8221;true&#8221;][\/vc_column][\/vc_row][vc_row full_width=&#8221;stretch_row&#8221; css=&#8221;.vc_custom_1571737027686{background-color: #f4f4f4 !important;}&#8221;][vc_column width=&#8221;1\/2&#8243;][vc_single_image image=&#8221;8713&#8243; img_size=&#8221;full&#8221;][\/vc_column][vc_column width=&#8221;1\/2&#8243;][vc_tta_tabs active_section=&#8221;1&#8243;][vc_tta_section title=&#8221;\u00c9ducation&#8221; tab_id=&#8221;1571736300183-d26cd783-f1a2e4fb-ea189a06-0ee4&#8243;][vc_column_text]<strong>Universit\u00e9 d&#8217;Istanbul Facult\u00e9 de M\u00e9decine Cerrahpasa<\/strong><\/p>\n<p><strong><span style=\"color: #008080;\">2000-2007<\/span><\/strong><\/p>\n<p><strong>\u00c9cole Secondaire Samsun Anadolu<\/strong><\/p>\n<p><strong><span style=\"color: #008080;\">1995-1999<\/span><\/strong>[\/vc_column_text][\/vc_tta_section][vc_tta_section title=&#8221;Comp\u00e9tences&#8221; tab_id=&#8221;1571736300197-0f17240d-4d1fe4fb-ea189a06-0ee4&#8243;][vc_column_text]<\/p>\n<ul>\n<li>Greffe de Cheveux<\/li>\n<li>Traitement de Perte de Cheveux<\/li>\n<li>Restauration de Cheveux<\/li>\n<li>Greffe de Barbe<\/li>\n<li>Greffe de Moustache<\/li>\n<li>Greffe de Sourcils<\/li>\n<\/ul>\n<p>[\/vc_column_text][\/vc_tta_section][vc_tta_section title=&#8221;Exp\u00e9riences Professionnelles&#8221; tab_id=&#8221;1571736607272-253b7739-1827e4fb-ea189a06-0ee4&#8243;][vc_column_text]<strong><span style=\"color: #008080;\">2015 &#8211; Aujourd\u2019hui<\/span><\/strong><\/p>\n<p>Natural Hair Turkey Hospital<\/p>\n<p><strong><span style=\"color: #008080;\">2009 &#8211; 2015<\/span><\/strong><\/p>\n<p>M\u00e9decin de Soins Primaires \u00e0 la Clinique Communautaire Bayrampasa d&#8217;Istanbul<\/p>\n<p><strong><span style=\"color: #008080;\">2007 &#8211; 2009<\/span><\/strong><\/p>\n<p>M\u00e9decin d&#8217;Urgence \u00e0 l&#8217;h\u00f4pital d&#8217;\u00c9tat de Rize Guneysu[\/vc_column_text][\/vc_tta_section][\/vc_tta_tabs][vc_empty_space height=&#8221;60px&#8221;][\/vc_column][\/vc_row]<\/p>\n<\/section>","protected":false},"excerpt":{"rendered":"<p>[vc_row full_width=&#8221;stretch_row_content_no_spaces&#8221;][vc_column offset=&#8221;vc_hidden-xs&#8221;][rev_slider_vc alias=&#8221;drtarik-fr&#8221;][\/vc_column][\/vc_row][vc_row full_width=&#8221;stretch_row_content_no_spaces&#8221;][vc_column offset=&#8221;vc_hidden-lg vc_hidden-md vc_hidden-sm&#8221;][vc_single_image image=&#8221;8901&#8243; img_size=&#8221;full&#8221;][\/vc_column][\/vc_row][vc_row][vc_column offset=&#8221;vc_hidden-lg vc_hidden-md vc_hidden-sm vc_hidden-xs&#8221;][vc_raw_html]JTNDc3R5bGUlM0UlMEElMjNwYWdlLXRpdGxlJTdCJTBBZGlzcGxheSUzQW5vbmUlM0IlN0QlMEElM0MlMkZzdHlsZSUzRQ==[\/vc_raw_html][\/vc_column][\/vc_row][vc_row full_width=&#8221;stretch_row&#8221;][vc_column offset=&#8221;vc_hidden-xs&#8221;][vc_empty_space height=&#8221;60&#8243;][vc_row_inner][vc_column_inner width=&#8221;1\/3&#8243;][vc_single_image image=&#8221;8703&#8243; img_size=&#8221;full&#8221;][\/vc_column_inner][vc_column_inner width=&#8221;1\/3&#8243;][vc_single_image image=&#8221;8703&#8243; img_size=&#8221;full&#8221;][\/vc_column_inner][vc_column_inner width=&#8221;1\/3&#8243;][vc_single_image image=&#8221;8703&#8243; img_size=&#8221;full&#8221;][\/vc_column_inner][\/vc_row_inner][vc_empty_space height=&#8221;90&#8243;][\/vc_column][\/vc_row][vc_row][vc_column width=&#8221;2\/3&#8243;][vc_column_text] Sommaire [\/vc_column_text][vc_column_text]Dr Tar\u0131k Pak est sp\u00e9cialiste dans le traitement de la perte des cheveux et les troubles de la croissance des cheveux avec neuf ans d&#8217;exp\u00e9rience. En&#8230;<\/p>\n","protected":false},"author":1,"featured_media":0,"parent":0,"menu_order":0,"comment_status":"closed","ping_status":"closed","template":"","meta":{"footnotes":""},"class_list":["post-8900","page","type-page","status-publish","hentry"],"_links":{"self":[{"href":"https:\/\/naturalhairturkey.com\/fr\/wp-json\/wp\/v2\/pages\/8900","targetHints":{"allow":["GET"]}}],"collection":[{"href":"https:\/\/naturalhairturkey.com\/fr\/wp-json\/wp\/v2\/pages"}],"about":[{"href":"https:\/\/naturalhairturkey.com\/fr\/wp-json\/wp\/v2\/types\/page"}],"author":[{"embeddable":true,"href":"https:\/\/naturalhairturkey.com\/fr\/wp-json\/wp\/v2\/users\/1"}],"replies":[{"embeddable":true,"href":"https:\/\/naturalhairturkey.com\/fr\/wp-json\/wp\/v2\/comments?post=8900"}],"version-history":[{"count":1,"href":"https:\/\/naturalhairturkey.com\/fr\/wp-json\/wp\/v2\/pages\/8900\/revisions"}],"predecessor-version":[{"id":10230,"href":"https:\/\/naturalhairturkey.com\/fr\/wp-json\/wp\/v2\/pages\/8900\/revisions\/10230"}],"wp:attachment":[{"href":"https:\/\/naturalhairturkey.com\/fr\/wp-json\/wp\/v2\/media?parent=8900"}],"curies":[{"name":"wp","href":"https:\/\/api.w.org\/{rel}","templated":true}]}}