{"id":9263,"date":"2019-11-02T00:05:39","date_gmt":"2019-11-01T21:05:39","guid":{"rendered":"https:\/\/naturalhairturkey.com\/?page_id=9263"},"modified":"2020-02-03T15:56:48","modified_gmt":"2020-02-03T12:56:48","slug":"comentarios-sobre-trasplante-capilar","status":"publish","type":"page","link":"https:\/\/naturalhairturkey.com\/es\/comentarios-sobre-trasplante-capilar\/","title":{"rendered":"Comentarios Sobre Trasplante Capilar"},"content":{"rendered":"<section class=\"wpb-content-wrapper\"><p>[vc_row][vc_column][vc_column_text]<\/p>\n<h3 style=\"text-align: center;\">Comentarios Sobre Trasplante Capilar<\/h3>\n<div class=\"btClear btSeparator topSemiSpaced bottomExtraSmallSpaced noBorder\">\n<hr \/>\n<\/div>\n<div class=\"btText\">\n<p style=\"text-align: center;\">Tener comentarios positivos de pacientes reales para un verdadero \u00e9xito nos hace pensar que estamos en el camino correcto<\/p>\n<\/div>\n<p>[\/vc_column_text][\/vc_column][\/vc_row][vc_row][vc_column width=&#8221;1\/4&#8243;][ct_fancybox cms_template=&#8221;ct_fancybox&#8211;layout2.php&#8221; icon_type=&#8221;image&#8221; icon_image=&#8221;7986&#8243; icon_image_hover=&#8221;7986&#8243; link_item=&#8221;url:%23popmake-9219|title:Muhammet%20Aksoy||&#8221; title=&#8221;Muhammet Aksoy&#8221; description=&#8221;Pas\u00e9 unos d\u00edas en Turqu\u00eda para realizar mi operaci\u00f3n y gracias a Dios todo estuvo bien.&#8221;][\/vc_column][vc_column width=&#8221;1\/4&#8243;][ct_fancybox cms_template=&#8221;ct_fancybox&#8211;layout2.php&#8221; icon_type=&#8221;image&#8221; icon_image=&#8221;7990&#8243; icon_image_hover=&#8221;7990&#8243; link_item=&#8221;url:%23popmake-9221|||&#8221; title=&#8221;Baha Hakim&#8221; description=&#8221;La operaci\u00f3n fue suave e indolora. Realmente agradezco a todo el personales m\u00e9dico por sus inmensos esfuerzos.&#8221;][\/vc_column][vc_column width=&#8221;1\/4&#8243;][ct_fancybox cms_template=&#8221;ct_fancybox&#8211;layout2.php&#8221; icon_type=&#8221;image&#8221; icon_image=&#8221;7994&#8243; icon_image_hover=&#8221;7994&#8243; link_item=&#8221;url:%23popmake-9223|||&#8221; title=&#8221;Abdallah Aali&#8221; description=&#8221;El hospital estaba genial y limpio! Alto nivel de profesionalidad, servicio y confort. Son un personal muy atento.&#8221;][\/vc_column][vc_column width=&#8221;1\/4&#8243;][ct_fancybox cms_template=&#8221;ct_fancybox&#8211;layout2.php&#8221; icon_type=&#8221;image&#8221; icon_image=&#8221;7998&#8243; icon_image_hover=&#8221;7998&#8243; link_item=&#8221;url:%23popmake-9225|||&#8221; title=&#8221;Mustafa Hamad&#8221; description=&#8221;Doctores muy cre\u00edbles y ambiente esterilizado totalmente equipado. Extremadamente satisfecho con su atenci\u00f3n posterior al paciente.&#8221;][\/vc_column][\/vc_row][vc_row][vc_column][vc_empty_space][\/vc_column][\/vc_row][vc_row full_width=&#8221;stretch_row&#8221; css=&#8221;.vc_custom_1571817044029{padding-bottom: 40px !important;background-color: #f2f2f2 !important;}&#8221;][vc_column width=&#8221;1\/3&#8243;][ct_fancybox cms_template=&#8221;ct_fancybox&#8211;layout2.php&#8221; icon_type=&#8221;image&#8221; icon_image=&#8221;8003&#8243; icon_image_hover=&#8221;8003&#8243; link_item=&#8221;url:%23popmake-9229|title:Review%20Demo1||&#8221; title=&#8221;Junaid Abdus Samad&#8221; description=&#8221;El trasplante en s\u00ed fue un proceso muy suave. Sab\u00edan exactamente lo que estaban haciendo.&#8221;][\/vc_column][vc_column width=&#8221;1\/3&#8243;][ct_fancybox cms_template=&#8221;ct_fancybox&#8211;layout2.php&#8221; icon_type=&#8221;image&#8221; icon_image=&#8221;8007&#8243; icon_image_hover=&#8221;8007&#8243; link_item=&#8221;url:%23popmake-9231|||&#8221; title=&#8221;Almakah Amin&#8221; description=&#8221;La cirug\u00eda fue excelente y sus m\u00e9dicos y enfermeras se ocuparon de todo incluso despu\u00e9s de la cirug\u00eda.&#8221;][\/vc_column][vc_column width=&#8221;1\/3&#8243;][ct_fancybox cms_template=&#8221;ct_fancybox&#8211;layout2.php&#8221; icon_type=&#8221;image&#8221; icon_image=&#8221;8011&#8243; icon_image_hover=&#8221;8011&#8243; link_item=&#8221;url:%23popmake-9233|||&#8221; title=&#8221;Hosni Jalal&#8221; description=&#8221;La cirug\u00eda fue excelente y sus m\u00e9dicos y enfermeras se ocuparon de todo incluso despu\u00e9s de la cirug\u00eda.&#8221;][\/vc_column][\/vc_row][vc_row][vc_column][vc_empty_space][\/vc_column][\/vc_row][vc_row][vc_column width=&#8221;1\/3&#8243;][ct_fancybox cms_template=&#8221;ct_fancybox&#8211;layout2.php&#8221; icon_type=&#8221;image&#8221; icon_image=&#8221;8015&#8243; icon_image_hover=&#8221;8015&#8243; link_item=&#8221;url:%23popmake-9237|title:Review%20Demo1||&#8221; title=&#8221;Ismat Kamil&#8221; description=&#8221;\u00bfRecomendar\u00eda Natural Hair Turkey a alguien m\u00e1s? \u00a1Claro, todos fueron geniales!&#8221;][\/vc_column][vc_column width=&#8221;1\/3&#8243;][ct_fancybox cms_template=&#8221;ct_fancybox&#8211;layout2.php&#8221; icon_type=&#8221;image&#8221; icon_image=&#8221;8019&#8243; icon_image_hover=&#8221;8019&#8243; link_item=&#8221;url:%23popmake-9239|||&#8221; title=&#8221;Vibha Khatri&#8221; description=&#8221;Excelente servicio y personal amable. Cliente satisfecho&#8230; Muchas gracias ahora mis cabello es fabuloso.&#8221;][\/vc_column][vc_column width=&#8221;1\/3&#8243;][ct_fancybox cms_template=&#8221;ct_fancybox&#8211;layout2.php&#8221; icon_type=&#8221;image&#8221; icon_image=&#8221;8023&#8243; icon_image_hover=&#8221;8023&#8243; link_item=&#8221;url:%23popmake-9241|||&#8221; title=&#8221;Manu Kanwar&#8221; description=&#8221;Acabo de realizarme un trasplante capilar el 13\/18 de enero, todo el proceso fue muy bueno, mi consultora m\u00e9dica fue incre\u00edble, amable, amigable y tambi\u00e9n me apoya.&#8221;][\/vc_column][\/vc_row][vc_row][vc_column][vc_empty_space][\/vc_column][\/vc_row][vc_row full_width=&#8221;stretch_row&#8221; css=&#8221;.vc_custom_1571817044029{padding-bottom: 40px !important;background-color: #f2f2f2 !important;}&#8221;][vc_column width=&#8221;1\/3&#8243;][ct_fancybox cms_template=&#8221;ct_fancybox&#8211;layout2.php&#8221; icon_type=&#8221;image&#8221; icon_image=&#8221;8027&#8243; icon_image_hover=&#8221;8027&#8243; link_item=&#8221;url:%23popmake-9243|title:Review%20Demo1||&#8221; title=&#8221;Joud Ahmed&#8221; description=&#8221;El m\u00e9dico en el primer examen y el personal m\u00e9dico saben exactamente qu\u00e9 hacer, ya que tienen mucha experiencia.&#8221;][\/vc_column][vc_column width=&#8221;1\/3&#8243;][ct_fancybox cms_template=&#8221;ct_fancybox&#8211;layout2.php&#8221; icon_type=&#8221;image&#8221; icon_image=&#8221;8031&#8243; icon_image_hover=&#8221;8031&#8243; link_item=&#8221;url:%23popmake-9245|||&#8221; title=&#8221;Jamal Almottawa&#8221; description=&#8221;Quiero agradecer a todos los miembros del hospital sin excepciones.&#8221;][\/vc_column][vc_column width=&#8221;1\/3&#8243;][ct_fancybox cms_template=&#8221;ct_fancybox&#8211;layout2.php&#8221; icon_type=&#8221;image&#8221; icon_image=&#8221;8035&#8243; icon_image_hover=&#8221;8035&#8243; link_item=&#8221;url:%23popmake-9245|||&#8221; title=&#8221;- Naima Saffron&#8221; description=&#8221;Una muy buena operaci\u00f3n de trasplante capilar realizada por profesionales altamente calificados y experimentados.&#8221;][\/vc_column][\/vc_row][vc_row][vc_column][vc_empty_space height=&#8221;60px&#8221;][\/vc_column][\/vc_row][vc_row][vc_column width=&#8221;1\/3&#8243;][ct_fancybox cms_template=&#8221;ct_fancybox&#8211;layout2.php&#8221; icon_type=&#8221;image&#8221; icon_image=&#8221;8039&#8243; icon_image_hover=&#8221;8039&#8243; link_item=&#8221;url:%23popmake-9249|title:Review%20Demo1||&#8221; title=&#8221;Alena Zoya&#8221; description=&#8221;Todas mis preguntas fueron respondidas. El personal fue muy servicial y c\u00e1lido y todo el procedimiento fue r\u00e1pido.&#8221;][\/vc_column][vc_column width=&#8221;1\/3&#8243;][ct_fancybox cms_template=&#8221;ct_fancybox&#8211;layout2.php&#8221; icon_type=&#8221;image&#8221; icon_image=&#8221;8043&#8243; icon_image_hover=&#8221;8043&#8243; link_item=&#8221;url:%23popmake-9251|||&#8221; title=&#8221;Osama Almahdi&#8221; description=&#8221;Estoy muy satisfecho con mi resultado y el precio que pagu\u00e9 lo vale.&#8221;][\/vc_column][vc_column width=&#8221;1\/3&#8243;][ct_fancybox cms_template=&#8221;ct_fancybox&#8211;layout2.php&#8221; icon_type=&#8221;image&#8221; icon_image=&#8221;8047&#8243; icon_image_hover=&#8221;8047&#8243; link_item=&#8221;url:%23popmake-9253|||&#8221; title=&#8221;Claus Jorges&#8221; description=&#8221;Procedimiento de la m\u00e1s alta calidad, el personal fue amable y profesional. \u00a1Mi cabello trasplantado comenz\u00f3 a crecer!&#8221;][\/vc_column][\/vc_row][vc_row][vc_column][vc_empty_space height=&#8221;60px&#8221;][\/vc_column][\/vc_row]<\/p>\n<\/section>","protected":false},"excerpt":{"rendered":"<p>[vc_row][vc_column][vc_column_text] Comentarios Sobre Trasplante Capilar Tener comentarios positivos de pacientes reales para un verdadero \u00e9xito nos hace pensar que estamos en el camino correcto [\/vc_column_text][\/vc_column][\/vc_row][vc_row][vc_column width=&#8221;1\/4&#8243;][ct_fancybox cms_template=&#8221;ct_fancybox&#8211;layout2.php&#8221; icon_type=&#8221;image&#8221; icon_image=&#8221;7986&#8243; icon_image_hover=&#8221;7986&#8243; link_item=&#8221;url:%23popmake-9219|title:Muhammet%20Aksoy||&#8221; title=&#8221;Muhammet Aksoy&#8221; description=&#8221;Pas\u00e9 unos d\u00edas en Turqu\u00eda para realizar mi operaci\u00f3n y gracias a Dios todo estuvo bien.&#8221;][\/vc_column][vc_column width=&#8221;1\/4&#8243;][ct_fancybox cms_template=&#8221;ct_fancybox&#8211;layout2.php&#8221; icon_type=&#8221;image&#8221; icon_image=&#8221;7990&#8243; icon_image_hover=&#8221;7990&#8243; link_item=&#8221;url:%23popmake-9221|||&#8221;&#8230;<\/p>\n","protected":false},"author":1,"featured_media":0,"parent":0,"menu_order":0,"comment_status":"closed","ping_status":"closed","template":"","meta":{"footnotes":""},"class_list":["post-9263","page","type-page","status-publish","hentry"],"_links":{"self":[{"href":"https:\/\/naturalhairturkey.com\/es\/wp-json\/wp\/v2\/pages\/9263","targetHints":{"allow":["GET"]}}],"collection":[{"href":"https:\/\/naturalhairturkey.com\/es\/wp-json\/wp\/v2\/pages"}],"about":[{"href":"https:\/\/naturalhairturkey.com\/es\/wp-json\/wp\/v2\/types\/page"}],"author":[{"embeddable":true,"href":"https:\/\/naturalhairturkey.com\/es\/wp-json\/wp\/v2\/users\/1"}],"replies":[{"embeddable":true,"href":"https:\/\/naturalhairturkey.com\/es\/wp-json\/wp\/v2\/comments?post=9263"}],"version-history":[{"count":3,"href":"https:\/\/naturalhairturkey.com\/es\/wp-json\/wp\/v2\/pages\/9263\/revisions"}],"predecessor-version":[{"id":11073,"href":"https:\/\/naturalhairturkey.com\/es\/wp-json\/wp\/v2\/pages\/9263\/revisions\/11073"}],"wp:attachment":[{"href":"https:\/\/naturalhairturkey.com\/es\/wp-json\/wp\/v2\/media?parent=9263"}],"curies":[{"name":"wp","href":"https:\/\/api.w.org\/{rel}","templated":true}]}}