{"id":8794,"date":"2019-11-01T13:08:17","date_gmt":"2019-11-01T10:08:17","guid":{"rendered":"https:\/\/naturalhairturkey.com\/?page_id=8794"},"modified":"2020-01-23T16:59:04","modified_gmt":"2020-01-23T13:59:04","slug":"dr-tarik-pak","status":"publish","type":"page","link":"https:\/\/naturalhairturkey.com\/es\/dr-tarik-pak\/","title":{"rendered":"Dr. Tar\u0131k PAK"},"content":{"rendered":"<section class=\"wpb-content-wrapper\"><p>[vc_row full_width=&#8221;stretch_row_content_no_spaces&#8221;][vc_column offset=&#8221;vc_hidden-xs&#8221;][rev_slider_vc alias=&#8221;drtarikisp&#8221;][\/vc_column][\/vc_row][vc_row full_width=&#8221;stretch_row_content_no_spaces&#8221;][vc_column offset=&#8221;vc_hidden-lg vc_hidden-md vc_hidden-sm&#8221;][vc_single_image image=&#8221;8789&#8243; img_size=&#8221;full&#8221;][\/vc_column][\/vc_row][vc_row][vc_column offset=&#8221;vc_hidden-lg vc_hidden-md vc_hidden-sm vc_hidden-xs&#8221;][vc_raw_html]JTNDc3R5bGUlM0UlMEElMjNwYWdlLXRpdGxlJTdCJTBBZGlzcGxheSUzQW5vbmUlM0IlN0QlMEElM0MlMkZzdHlsZSUzRQ==[\/vc_raw_html][\/vc_column][\/vc_row][vc_row full_width=&#8221;stretch_row&#8221;][vc_column offset=&#8221;vc_hidden-xs&#8221;][vc_empty_space height=&#8221;60&#8243;][vc_row_inner][vc_column_inner width=&#8221;1\/3&#8243;][vc_single_image image=&#8221;8703&#8243; img_size=&#8221;full&#8221;][\/vc_column_inner][vc_column_inner width=&#8221;1\/3&#8243;][vc_single_image image=&#8221;8703&#8243; img_size=&#8221;full&#8221;][\/vc_column_inner][vc_column_inner width=&#8221;1\/3&#8243;][vc_single_image image=&#8221;8703&#8243; img_size=&#8221;full&#8221;][\/vc_column_inner][\/vc_row_inner][vc_empty_space height=&#8221;90&#8243;][\/vc_column][\/vc_row][vc_row][vc_column width=&#8221;2\/3&#8243;][vc_column_text]<\/p>\n<h3 style=\"font-weight: 900; text-align: left;\"><span style=\"color: #008080;\">Informaci\u00f3n General<\/span><\/h3>\n<p>[\/vc_column_text][vc_column_text]El Dr. Tar\u0131k Pak es especializado en el tratamiento de p\u00e9rdida capilar y trastornos del crecimiento capilar con nueve a\u00f1os de experiencia en pr\u00e1ctica. Como m\u00e9dico centrado en el paciente y desciplinado, el Dr. Tar\u0131k Pak tiene una s\u00f3lida formaci\u00f3n en el trabajo con todos los miembros del equipo m\u00e9dico para mejorar la salud del paciente.<\/p>\n<p>Los certificados que posee son los siguientes:<\/p>\n<ul>\n<li>Certificado de atenci\u00f3n primaria m\u00e9dica<\/li>\n<li>Certificado de emergencia m\u00e9dica<\/li>\n<li>Certificado de Cirug\u00eda Pl\u00e1stica Est\u00e9tica<\/li>\n<\/ul>\n<p>[\/vc_column_text][\/vc_column][vc_column width=&#8221;1\/3&#8243; offset=&#8221;vc_hidden-xs&#8221;][vc_media_grid element_width=&#8221;6&#8243; gap=&#8221;10&#8243; grid_id=&#8221;vc_gid:1579787730373-9bf181cf-d25f-2&#8243; include=&#8221;9288,9284&#8243;][\/vc_column][\/vc_row][vc_row][vc_column][vc_empty_space height=&#8221;60px&#8221;][\/vc_column][\/vc_row][vc_row][vc_column offset=&#8221;vc_hidden-lg vc_hidden-md vc_hidden-sm&#8221;][ct_gallery_carousel layout=&#8221;layout2&#8243; images=&#8221;9280,9288,9276&#8243; col_xs=&#8221;1&#8243; col_sm=&#8221;2&#8243; col_md=&#8221;3&#8243; col_lg=&#8221;4&#8243; col_xl=&#8221;4&#8243; arrows=&#8221;true&#8221;][\/vc_column][\/vc_row][vc_row full_width=&#8221;stretch_row&#8221; css=&#8221;.vc_custom_1571737027686{background-color: #f4f4f4 !important;}&#8221;][vc_column width=&#8221;1\/2&#8243;][vc_single_image image=&#8221;8713&#8243; img_size=&#8221;full&#8221;][\/vc_column][vc_column width=&#8221;1\/2&#8243;][vc_tta_tabs active_section=&#8221;1&#8243;][vc_tta_section title=&#8221;Educaci\u00f3n&#8221; tab_id=&#8221;1571736300183-d26cd783-f1a2e4fb-ea1846c4-e228&#8243;][vc_column_text]<strong>Facultad de Medicina Cerrahpasa de la Universidad de Estambul<\/strong><\/p>\n<p><strong><span style=\"color: #008080;\">2000-2007<\/span><\/strong><\/p>\n<p><strong>Samsun Anadolu High School<\/strong><\/p>\n<p><strong><span style=\"color: #008080;\">1995-1999<\/span><\/strong>[\/vc_column_text][\/vc_tta_section][vc_tta_section title=&#8221;Habilidades&#8221; tab_id=&#8221;1571736300197-0f17240d-4d1fe4fb-ea1846c4-e228&#8243;][vc_column_text]<\/p>\n<ul>\n<li>Trasplante capilar<\/li>\n<li>Tratamiento de p\u00e9rdida de cabello<\/li>\n<li>Restauraci\u00f3n capilar<\/li>\n<li>Trasplante de barba<\/li>\n<li>Trasplante de bigote<\/li>\n<li>Trasplante de cejasa<\/li>\n<\/ul>\n<p>[\/vc_column_text][\/vc_tta_section][vc_tta_section title=&#8221;Experiencias&#8221; tab_id=&#8221;1571736607272-253b7739-1827e4fb-ea1846c4-e228&#8243;][vc_column_text]<strong><span style=\"color: #008080;\">2015 &#8211; &#8230;<\/span><\/strong><\/p>\n<p>Hospital Natural Hair Turkey<\/p>\n<p><strong><span style=\"color: #008080;\">2009 &#8211; 2015<\/span><\/strong><\/p>\n<p>M\u00e9dico de atenci\u00f3n primaria en la cl\u00ednica comunitaria Bayrampasa de Estambul<\/p>\n<p><strong><span style=\"color: #008080;\">2007 &#8211; 2009<\/span><\/strong><\/p>\n<p>M\u00e9dico de urgencias en el Hospital Estatal Rize Guneysu[\/vc_column_text][\/vc_tta_section][\/vc_tta_tabs][vc_empty_space height=&#8221;60px&#8221;][\/vc_column][\/vc_row]<\/p>\n<\/section>","protected":false},"excerpt":{"rendered":"<p>[vc_row full_width=&#8221;stretch_row_content_no_spaces&#8221;][vc_column offset=&#8221;vc_hidden-xs&#8221;][rev_slider_vc alias=&#8221;drtarikisp&#8221;][\/vc_column][\/vc_row][vc_row full_width=&#8221;stretch_row_content_no_spaces&#8221;][vc_column offset=&#8221;vc_hidden-lg vc_hidden-md vc_hidden-sm&#8221;][vc_single_image image=&#8221;8789&#8243; img_size=&#8221;full&#8221;][\/vc_column][\/vc_row][vc_row][vc_column offset=&#8221;vc_hidden-lg vc_hidden-md vc_hidden-sm vc_hidden-xs&#8221;][vc_raw_html]JTNDc3R5bGUlM0UlMEElMjNwYWdlLXRpdGxlJTdCJTBBZGlzcGxheSUzQW5vbmUlM0IlN0QlMEElM0MlMkZzdHlsZSUzRQ==[\/vc_raw_html][\/vc_column][\/vc_row][vc_row full_width=&#8221;stretch_row&#8221;][vc_column offset=&#8221;vc_hidden-xs&#8221;][vc_empty_space height=&#8221;60&#8243;][vc_row_inner][vc_column_inner width=&#8221;1\/3&#8243;][vc_single_image image=&#8221;8703&#8243; img_size=&#8221;full&#8221;][\/vc_column_inner][vc_column_inner width=&#8221;1\/3&#8243;][vc_single_image image=&#8221;8703&#8243; img_size=&#8221;full&#8221;][\/vc_column_inner][vc_column_inner width=&#8221;1\/3&#8243;][vc_single_image image=&#8221;8703&#8243; img_size=&#8221;full&#8221;][\/vc_column_inner][\/vc_row_inner][vc_empty_space height=&#8221;90&#8243;][\/vc_column][\/vc_row][vc_row][vc_column width=&#8221;2\/3&#8243;][vc_column_text] Informaci\u00f3n General [\/vc_column_text][vc_column_text]El Dr. Tar\u0131k Pak es especializado en el tratamiento de p\u00e9rdida capilar y trastornos del crecimiento capilar con nueve a\u00f1os de experiencia en pr\u00e1ctica. Como&#8230;<\/p>\n","protected":false},"author":1,"featured_media":0,"parent":0,"menu_order":0,"comment_status":"closed","ping_status":"closed","template":"","meta":{"footnotes":""},"class_list":["post-8794","page","type-page","status-publish","hentry"],"_links":{"self":[{"href":"https:\/\/naturalhairturkey.com\/es\/wp-json\/wp\/v2\/pages\/8794","targetHints":{"allow":["GET"]}}],"collection":[{"href":"https:\/\/naturalhairturkey.com\/es\/wp-json\/wp\/v2\/pages"}],"about":[{"href":"https:\/\/naturalhairturkey.com\/es\/wp-json\/wp\/v2\/types\/page"}],"author":[{"embeddable":true,"href":"https:\/\/naturalhairturkey.com\/es\/wp-json\/wp\/v2\/users\/1"}],"replies":[{"embeddable":true,"href":"https:\/\/naturalhairturkey.com\/es\/wp-json\/wp\/v2\/comments?post=8794"}],"version-history":[{"count":1,"href":"https:\/\/naturalhairturkey.com\/es\/wp-json\/wp\/v2\/pages\/8794\/revisions"}],"predecessor-version":[{"id":10231,"href":"https:\/\/naturalhairturkey.com\/es\/wp-json\/wp\/v2\/pages\/8794\/revisions\/10231"}],"wp:attachment":[{"href":"https:\/\/naturalhairturkey.com\/es\/wp-json\/wp\/v2\/media?parent=8794"}],"curies":[{"name":"wp","href":"https:\/\/api.w.org\/{rel}","templated":true}]}}